{"id":191,"date":"2020-11-10T01:26:39","date_gmt":"2020-11-10T04:26:39","guid":{"rendered":"https:\/\/retomada.hlog.turismo.gov.br\/?page_id=191"},"modified":"2020-11-13T19:32:14","modified_gmt":"2020-11-13T22:32:14","slug":"parcerias-com-o-ministerio-do-turismo","status":"publish","type":"page","link":"https:\/\/retomada.turismo.gov.br\/?page_id=191","title":{"rendered":"Parcerias com o Minist\u00e9rio do Turismo"},"content":{"rendered":"[vc_row type=&#8221;in_container&#8221; full_screen_row_position=&#8221;middle&#8221; column_margin=&#8221;default&#8221; column_direction=&#8221;default&#8221; column_direction_tablet=&#8221;default&#8221; column_direction_phone=&#8221;default&#8221; scene_position=&#8221;center&#8221; top_padding=&#8221;5%&#8221; bottom_padding=&#8221;5%&#8221; text_color=&#8221;dark&#8221; text_align=&#8221;left&#8221; row_border_radius=&#8221;none&#8221; row_border_radius_applies=&#8221;bg&#8221; overlay_strength=&#8221;0.3&#8243; gradient_direction=&#8221;left_to_right&#8221; shape_divider_position=&#8221;bottom&#8221; bg_image_animation=&#8221;none&#8221; shape_type=&#8221;&#8221;][vc_column column_padding=&#8221;no-extra-padding&#8221; column_padding_tablet=&#8221;inherit&#8221; column_padding_phone=&#8221;inherit&#8221; column_padding_position=&#8221;all&#8221; background_color_opacity=&#8221;1&#8243; background_hover_color_opacity=&#8221;1&#8243; column_shadow=&#8221;none&#8221; column_border_radius=&#8221;none&#8221; column_link_target=&#8221;_self&#8221; gradient_direction=&#8221;left_to_right&#8221; overlay_strength=&#8221;0.3&#8243; width=&#8221;1\/6&#8243; tablet_width_inherit=&#8221;default&#8221; tablet_text_alignment=&#8221;default&#8221; phone_text_alignment=&#8221;default&#8221; column_border_width=&#8221;none&#8221; column_border_style=&#8221;solid&#8221; bg_image_animation=&#8221;none&#8221;][\/vc_column][vc_column column_padding=&#8221;no-extra-padding&#8221; column_padding_tablet=&#8221;inherit&#8221; column_padding_phone=&#8221;inherit&#8221; column_padding_position=&#8221;all&#8221; background_color_opacity=&#8221;1&#8243; background_hover_color_opacity=&#8221;1&#8243; column_shadow=&#8221;none&#8221; column_border_radius=&#8221;none&#8221; column_link_target=&#8221;_self&#8221; gradient_direction=&#8221;left_to_right&#8221; overlay_strength=&#8221;0.3&#8243; width=&#8221;2\/3&#8243; tablet_width_inherit=&#8221;default&#8221; tablet_text_alignment=&#8221;default&#8221; phone_text_alignment=&#8221;default&#8221; column_border_width=&#8221;none&#8221; column_border_style=&#8221;solid&#8221; bg_image_animation=&#8221;none&#8221;][vc_custom_heading text=&#8221;Parcerias com o Minist\u00e9rio do Turismo&#8221; font_container=&#8221;tag:h2|font_size:32|text_align:center|color:%2349ad00&#8243; use_theme_fonts=&#8221;yes&#8221;][vc_column_text css=&#8221;.vc_custom_1605290773256{margin-top: 30px !important;margin-bottom: 30px !important;}&#8221;]\n<p style=\"text-align: center;\"><span style=\"font-weight: 400;\">Para alcance dos resultados pretendidos para a Retomada do Turismo, o Minist\u00e9rio do Turismo poder\u00e1 realizar parcerias com institui\u00e7\u00f5es p\u00fablicas federais e estaduais, bem como com empresas privadas e entidades do terceiro setor, incluindo as do Sistema S, ligadas \u00e0 cadeia produtiva do turismo desde que estas tenham abrang\u00eancia e representatividade nacional.<\/span><\/p>\n<p style=\"text-align: center;\"><span style=\"font-weight: 400;\">\u00a0<\/span><span style=\"font-weight: 400;\">Essas parcerias para o desenvolvimento e a implementa\u00e7\u00e3o dos programas, projetos e a\u00e7\u00f5es poder\u00e3o ser formalizadas por meio de instrumentos espec\u00edficos com o Minist\u00e9rio do Turismo, como termos de ades\u00e3o, acordos de coopera\u00e7\u00e3o e conv\u00eanios.<\/span><\/p>\n<p style=\"text-align: center;\"><span style=\"font-weight: 400;\"> Para elabora\u00e7\u00e3o da proposta de Retomada, o Minist\u00e9rio do Turismo contou com a contribui\u00e7\u00e3o das entidades nacionais a seguir. \u00c0 medida que a Retomada se fortalece, outras poder\u00e3o ser agregadas\u00a0a esta lista.<\/span><\/p>\n[\/vc_column_text][divider line_type=&#8221;Full Width Line&#8221; line_thickness=&#8221;2&#8243; divider_color=&#8221;extra-color-gradient-1&#8243; animate=&#8221;yes&#8221; custom_height=&#8221;40&#8243; delay=&#8221;100&#8243;]<div class=\"nectar-fancy-ul\" data-list-icon=\"icon-salient-thin-line\" data-animation=\"true\" data-animation-delay=\"200\" data-color=\"extra-color-1\" data-spacing=\"15px\" data-alignment=\"left\"> \n<ol>\n<li><span style=\"font-weight: 400;\"> Ag\u00eancia Brasileira de Promo\u00e7\u00e3o Internacional do Turismo &#8211; EMBRATUR<\/span><\/li>\n<li><span style=\"font-weight: 400;\"> Associa\u00e7\u00e3o Brasileira da Ind\u00fastria de Hot\u00e9is &#8211; ABIH<\/span><\/li>\n<li><span style=\"font-weight: 400;\"> Associa\u00e7\u00e3o Brasileira das Empresas A\u00e9reas &#8211; ABEAR<\/span><\/li>\n<li><span style=\"font-weight: 400;\"> Associa\u00e7\u00e3o Brasileira das Empresas de Ecoturismo e Turismo de Aventura &#8211; ABETA<\/span><\/li>\n<li><span style=\"font-weight: 400;\"> Associa\u00e7\u00e3o Brasileira das Ilhas Tur\u00edsticas &#8211; ABITUR<\/span><\/li>\n<li><span style=\"font-weight: 400;\"> Associa\u00e7\u00e3o Brasileira das Operadoras de Turismo &#8211; BRAZTOA<\/span><\/li>\n<li><span style=\"font-weight: 400;\"> Associa\u00e7\u00e3o Brasileira de Ag\u00eancias de Viagens &#8211; ABAV<\/span><\/li>\n<li><span style=\"font-weight: 400;\"> Associa\u00e7\u00e3o Brasileira de Ag\u00eancias de Viagens Coorporativas &#8211; ABRACORP<\/span><\/li>\n<li><span style=\"font-weight: 400;\"> Associa\u00e7\u00e3o Brasileira de Empresas de Eventos &#8211; ABEOC<\/span><\/li>\n<li><span style=\"font-weight: 400;\"> Associa\u00e7\u00e3o Brasileira de Resorts &#8211; RESORTS BRASIL<\/span><\/li>\n<li><span style=\"font-weight: 400;\"> Associa\u00e7\u00e3o Brasileira de Turismo Social &#8211; ABRASTUR<\/span><\/li>\n<li><span style=\"font-weight: 400;\"> Associa\u00e7\u00e3o Brasileira dos Clubes da Melhor Idade &#8211; ABCMI<\/span><\/li>\n<li><span style=\"font-weight: 400;\"> Associa\u00e7\u00e3o Brasileira dos Consolidadores de Passagens A\u00e9reas e Servi\u00e7os de Viagens &#8211; AIR TKT<\/span><\/li>\n<li>Associa\u00e7\u00e3o Brasileira dos Promotores de Eventos &#8211; ABRAPE<\/li>\n<li><span style=\"font-weight: 400;\"> Associa\u00e7\u00e3o das Empresas de Parques de Divers\u00f5es do Brasil &#8211; ADIBRA<\/span><\/li>\n<li><span style=\"font-weight: 400;\"> Associa\u00e7\u00e3o para o Desenvolvimento Imobili\u00e1rio e Tur\u00edstico do Brasil &#8211; ADIT Brasil<\/span><\/li>\n<li><span style=\"font-weight: 400;\"> Brazilian Luxury Travel Association &#8211; BLTA<\/span><\/li>\n<li><span style=\"font-weight: 400;\"> Cruise Lines International Association &#8211; CLIA<\/span><\/li>\n<li><span style=\"font-weight: 400;\"> Confedera\u00e7\u00e3o Nacional de Munic\u00edpios &#8211; CNM<\/span><\/li>\n<li>Confedera\u00e7\u00e3o Nacional do Com\u00e9rcio de Bens, Servi\u00e7os e Turismo \u2013 CNC<\/li>\n<li><span style=\"font-weight: 400;\"> Federa\u00e7\u00e3o Brasileira de Albergues da Juventude &#8211; HI BRASIL<\/span><\/li>\n<li><span style=\"font-weight: 400;\"> Federa\u00e7\u00e3o Brasileira de Hospedagem e Alimenta\u00e7\u00e3o &#8211; FBHA<\/span><\/li>\n<li><span style=\"font-weight: 400;\"> Federa\u00e7\u00e3o Nacional dos Guias de Turismo &#8211; FENAGTUR<\/span><\/li>\n<li><span style=\"font-weight: 400;\"> F\u00f3rum de Operadores Hoteleiros do Brasil &#8211; FOHB<\/span><\/li>\n<li><span style=\"font-weight: 400;\"> F\u00f3rum Nacional de Cursos Superiores de Turismo, Hospitalidade e Lazer<\/span><\/li>\n<li><span style=\"font-weight: 400;\"> F\u00f3rum Nacional dos Secret\u00e1rios e Dirigentes Estaduais de Turismo &#8211; FORNATUR<\/span><\/li>\n<li><span style=\"font-weight: 400;\"> Minist\u00e9rio da Infraestrutura &#8211; MInfra<\/span><\/li>\n<li><span style=\"font-weight: 400;\"> Instituto Brasil de Convention &amp; Visitors Bureau &#8211; BRASIL CVB<\/span><\/li>\n<li><span style=\"font-weight: 400;\"> Servi\u00e7o Brasileiro de Apoio \u00e0s Micro e Pequenas Empresas &#8211; SEBRAE<\/span><\/li>\n<li><span style=\"font-weight: 400;\"> Servi\u00e7o Nacional de Aprendizagem Comercial &#8211; SENAC<\/span><\/li>\n<li><span style=\"font-weight: 400;\"> Sistema Integrado de Parques e Atra\u00e7\u00f5es Tur\u00edsticas &#8211; SINDEPAT<\/span><\/li>\n<li><span style=\"font-weight: 400;\"> Uni\u00e3o Nacional de CVBx e Entidades de Destinos &#8211; UNEDESTINOS<\/span><\/li>\n<li><span style=\"font-weight: 400;\"> Uni\u00e3o Brasileira de Feiras e Eventos de Neg\u00f3cios &#8211; UBRAFE<\/span><\/li>\n<\/ol>\n <\/div>[divider line_type=&#8221;Full Width Line&#8221; line_thickness=&#8221;2&#8243; divider_color=&#8221;extra-color-gradient-1&#8243; animate=&#8221;yes&#8221; custom_height=&#8221;40&#8243; delay=&#8221;100&#8243;][vc_column_text css=&#8221;.vc_custom_1605306655695{margin-top: 30px !important;margin-bottom: 30px !important;}&#8221;]\n<p style=\"text-align: center;\"><span style=\"font-weight: 400;\">Consulte a <a href=\"https:\/\/retomada.turismo.gov.br\/wp-content\/uploads\/2020\/11\/Matriz-de-responsabilidades_10-11_ASTEC_final_11h_limpa-FINAL.docx.pdf\" target=\"_blank\" rel=\"noopener noreferrer\">Matriz de Responsabilidade<\/a> dispon\u00edvel neste site para verificar quais as a\u00e7\u00f5es voc\u00ea, sua empresa, institui\u00e7\u00e3o ou entidade poder\u00e3o aderir ou desenvolver para fortalecer essa alian\u00e7a pela Retomada do Turismo.<\/span><\/p>\n[\/vc_column_text][\/vc_column][vc_column column_padding=&#8221;no-extra-padding&#8221; column_padding_tablet=&#8221;inherit&#8221; column_padding_phone=&#8221;inherit&#8221; column_padding_position=&#8221;all&#8221; background_color_opacity=&#8221;1&#8243; background_hover_color_opacity=&#8221;1&#8243; column_shadow=&#8221;none&#8221; column_border_radius=&#8221;none&#8221; column_link_target=&#8221;_self&#8221; gradient_direction=&#8221;left_to_right&#8221; overlay_strength=&#8221;0.3&#8243; width=&#8221;1\/6&#8243; tablet_width_inherit=&#8221;default&#8221; tablet_text_alignment=&#8221;default&#8221; phone_text_alignment=&#8221;default&#8221; column_border_width=&#8221;none&#8221; column_border_style=&#8221;solid&#8221; bg_image_animation=&#8221;none&#8221;][\/vc_column][\/vc_row]\n","protected":false},"excerpt":{"rendered":"<p>[vc_row type=&#8221;in_container&#8221; full_screen_row_position=&#8221;middle&#8221; column_margin=&#8221;default&#8221; column_direction=&#8221;default&#8221; column_direction_tablet=&#8221;default&#8221; column_direction_phone=&#8221;default&#8221; scene_position=&#8221;center&#8221; top_padding=&#8221;5%&#8221; bottom_padding=&#8221;5%&#8221; text_color=&#8221;dark&#8221; text_align=&#8221;left&#8221; row_border_radius=&#8221;none&#8221; row_border_radius_applies=&#8221;bg&#8221; overlay_strength=&#8221;0.3&#8243; gradient_direction=&#8221;left_to_right&#8221; shape_divider_position=&#8221;bottom&#8221; bg_image_animation=&#8221;none&#8221; shape_type=&#8221;&#8221;][vc_column column_padding=&#8221;no-extra-padding&#8221; column_padding_tablet=&#8221;inherit&#8221; column_padding_phone=&#8221;inherit&#8221; column_padding_position=&#8221;all&#8221; background_color_opacity=&#8221;1&#8243; background_hover_color_opacity=&#8221;1&#8243; column_shadow=&#8221;none&#8221; column_border_radius=&#8221;none&#8221; column_link_target=&#8221;_self&#8221; gradient_direction=&#8221;left_to_right&#8221; overlay_strength=&#8221;0.3&#8243;&#8230;<\/p>\n","protected":false},"author":1,"featured_media":0,"parent":0,"menu_order":0,"comment_status":"closed","ping_status":"closed","template":"","meta":[],"yoast_head":"<!-- This site is optimized with the Yoast SEO plugin v15.3 - https:\/\/yoast.com\/wordpress\/plugins\/seo\/ -->\n<title>Parcerias com o Minist\u00e9rio do Turismo - A Retomada do Turismo<\/title>\n<meta name=\"description\" content=\"Minist\u00e9rio do Turismo poder\u00e1 realizar parcerias com institui\u00e7\u00f5es p\u00fablicas federais e estaduais, bem como com empresas privadas e entidades do terceiro setor.\" \/>\n<meta name=\"robots\" content=\"index, follow, max-snippet:-1, max-image-preview:large, max-video-preview:-1\" \/>\n<link rel=\"canonical\" href=\"https:\/\/retomada.turismo.gov.br\/?page_id=191\" \/>\n<meta property=\"og:locale\" content=\"pt_BR\" \/>\n<meta property=\"og:type\" content=\"article\" \/>\n<meta property=\"og:title\" content=\"Parcerias com o Minist\u00e9rio do Turismo - A Retomada do Turismo\" \/>\n<meta property=\"og:description\" content=\"Minist\u00e9rio do Turismo poder\u00e1 realizar parcerias com institui\u00e7\u00f5es p\u00fablicas federais e estaduais, bem como com empresas privadas e entidades do terceiro setor.\" \/>\n<meta property=\"og:url\" content=\"https:\/\/retomada.turismo.gov.br\/?page_id=191\" \/>\n<meta property=\"og:site_name\" content=\"A Retomada do Turismo\" \/>\n<meta property=\"article:modified_time\" content=\"2020-11-13T22:32:14+00:00\" \/>\n<meta name=\"twitter:card\" content=\"summary_large_image\" \/>\n<meta name=\"twitter:label1\" content=\"Written by\">\n\t<meta name=\"twitter:data1\" content=\"mtur-retomada\">\n\t<meta name=\"twitter:label2\" content=\"Est. reading time\">\n\t<meta name=\"twitter:data2\" content=\"4 minutos\">\n<script type=\"application\/ld+json\" class=\"yoast-schema-graph\">{\"@context\":\"https:\/\/schema.org\",\"@graph\":[{\"@type\":\"WebSite\",\"@id\":\"https:\/\/retomada.turismo.gov.br\/#website\",\"url\":\"https:\/\/retomada.turismo.gov.br\/\",\"name\":\"A Retomada do Turismo\",\"description\":\"Fa\\u00e7a parte voc\\u00ea tamb\\u00e9m.\",\"potentialAction\":[{\"@type\":\"SearchAction\",\"target\":\"https:\/\/retomada.turismo.gov.br\/?s={search_term_string}\",\"query-input\":\"required name=search_term_string\"}],\"inLanguage\":\"pt-BR\"},{\"@type\":\"WebPage\",\"@id\":\"https:\/\/retomada.turismo.gov.br\/?page_id=191#webpage\",\"url\":\"https:\/\/retomada.turismo.gov.br\/?page_id=191\",\"name\":\"Parcerias com o Minist\\u00e9rio do Turismo - A Retomada do Turismo\",\"isPartOf\":{\"@id\":\"https:\/\/retomada.turismo.gov.br\/#website\"},\"datePublished\":\"2020-11-10T04:26:39+00:00\",\"dateModified\":\"2020-11-13T22:32:14+00:00\",\"description\":\"Minist\\u00e9rio do Turismo poder\\u00e1 realizar parcerias com institui\\u00e7\\u00f5es p\\u00fablicas federais e estaduais, bem como com empresas privadas e entidades do terceiro setor.\",\"inLanguage\":\"pt-BR\",\"potentialAction\":[{\"@type\":\"ReadAction\",\"target\":[\"https:\/\/retomada.turismo.gov.br\/?page_id=191\"]}]}]}<\/script>\n<!-- \/ Yoast SEO plugin. -->","_links":{"self":[{"href":"https:\/\/retomada.turismo.gov.br\/index.php?rest_route=\/wp\/v2\/pages\/191"}],"collection":[{"href":"https:\/\/retomada.turismo.gov.br\/index.php?rest_route=\/wp\/v2\/pages"}],"about":[{"href":"https:\/\/retomada.turismo.gov.br\/index.php?rest_route=\/wp\/v2\/types\/page"}],"author":[{"embeddable":true,"href":"https:\/\/retomada.turismo.gov.br\/index.php?rest_route=\/wp\/v2\/users\/1"}],"replies":[{"embeddable":true,"href":"https:\/\/retomada.turismo.gov.br\/index.php?rest_route=%2Fwp%2Fv2%2Fcomments&post=191"}],"version-history":[{"count":5,"href":"https:\/\/retomada.turismo.gov.br\/index.php?rest_route=\/wp\/v2\/pages\/191\/revisions"}],"predecessor-version":[{"id":269,"href":"https:\/\/retomada.turismo.gov.br\/index.php?rest_route=\/wp\/v2\/pages\/191\/revisions\/269"}],"wp:attachment":[{"href":"https:\/\/retomada.turismo.gov.br\/index.php?rest_route=%2Fwp%2Fv2%2Fmedia&parent=191"}],"curies":[{"name":"wp","href":"https:\/\/api.w.org\/{rel}","templated":true}]}}