{"id":199,"date":"2020-11-10T02:11:23","date_gmt":"2020-11-10T05:11:23","guid":{"rendered":"https:\/\/retomada.hlog.turismo.gov.br\/?page_id=199"},"modified":"2020-11-10T18:01:35","modified_gmt":"2020-11-10T21:01:35","slug":"saiba-mais-sobre-a-retomada-do-turismo","status":"publish","type":"page","link":"https:\/\/retomada.turismo.gov.br\/?page_id=199","title":{"rendered":"Saiba mais sobre a Retomada do Turismo"},"content":{"rendered":"[vc_row type=&#8221;full_width_content&#8221; full_screen_row_position=&#8221;middle&#8221; column_margin=&#8221;default&#8221; equal_height=&#8221;yes&#8221; column_direction=&#8221;default&#8221; column_direction_tablet=&#8221;default&#8221; column_direction_phone=&#8221;default&#8221; scene_position=&#8221;center&#8221; top_padding=&#8221;5%&#8221; bottom_padding=&#8221;5%&#8221; left_padding_desktop=&#8221;15%&#8221; text_color=&#8221;dark&#8221; text_align=&#8221;left&#8221; row_border_radius=&#8221;none&#8221; row_border_radius_applies=&#8221;bg&#8221; overlay_strength=&#8221;0.3&#8243; gradient_direction=&#8221;left_to_right&#8221; shape_divider_position=&#8221;bottom&#8221; bg_image_animation=&#8221;none&#8221; shape_type=&#8221;&#8221;][vc_column column_padding=&#8221;padding-5-percent&#8221; column_padding_tablet=&#8221;inherit&#8221; column_padding_phone=&#8221;inherit&#8221; column_padding_position=&#8221;right&#8221; background_color_opacity=&#8221;1&#8243; background_hover_color_opacity=&#8221;1&#8243; column_shadow=&#8221;none&#8221; column_border_radius=&#8221;none&#8221; column_link_target=&#8221;_self&#8221; gradient_direction=&#8221;left_to_right&#8221; overlay_strength=&#8221;0.3&#8243; width=&#8221;2\/3&#8243; tablet_width_inherit=&#8221;default&#8221; tablet_text_alignment=&#8221;default&#8221; phone_text_alignment=&#8221;default&#8221; column_border_width=&#8221;none&#8221; column_border_style=&#8221;solid&#8221; bg_image_animation=&#8221;none&#8221;][vc_custom_heading text=&#8221;SAIBA MAIS SOBRE A RETOMADA DO TURISMO&#8221; font_container=&#8221;tag:h2|font_size:32|text_align:left|color:%2349ad00&#8243; use_theme_fonts=&#8221;yes&#8221; css=&#8221;.vc_custom_1604985245605{margin-bottom: 50px !important;}&#8221;][vc_column_text]https:\/\/youtu.be\/aRsu7lBiE4M<\/p>\n<p><span style=\"font-weight: 400;\">Diante do cen\u00e1rio imposto pelo novo coronav\u00edrus que resultou em fechamento de fronteiras e determina\u00e7\u00e3o, por parte de autoridades locais, de fechamento de estabelecimentos comerciais e pontos tur\u00edsticos em cidades e estados do Brasil, o turismo nacional registrou perdas nunca antes vistas. O cen\u00e1rio de inseguran\u00e7a, em meio \u00e0s medidas de distanciamento social, fez com que milhares de brasileiros cancelassem suas viagens e p\u00f4s em risco a sobreviv\u00eancia do setor que responde por cerca de 8,1% do PIB e emprega cerca de 7 milh\u00f5es de pessoas direta e indiretamente.<\/span><\/p>\n<p><span style=\"font-weight: 400;\">Os impactos observados em outros pa\u00edses fizeram com que o governo federal iniciasse, ainda em mar\u00e7o, uma s\u00e9rie de a\u00e7\u00f5es para evitar o desmonte do setor nos meses mais dif\u00edceis da pandemia. Desta forma, um trip\u00e9 de a\u00e7\u00f5es foi desenvolvido com foco na prote\u00e7\u00e3o do turismo brasileiro e de seus trabalhadores.<\/span><\/p>\n<p><span style=\"font-weight: 400;\">&#8211; Manuten\u00e7\u00e3o dos postos de trabalho, por Medida Provis\u00f3ria 936, de 2020, j\u00e1 transformada em lei, que instituiu o Programa Emergencial de Manuten\u00e7\u00e3o do Emprego e da Renda\u00a0 flexibilizando sal\u00e1rios e jornadas de trabalho.<\/span><\/p>\n<p><span style=\"font-weight: 400;\">&#8211; Garantia dos direitos do consumidor e impedimento de fal\u00eancia em massa das empresas do setor do turismo, por meio da Medida Provis\u00f3ria 948, 2020, j\u00e1 transformada em lei, que determinou as regras de cancelamento e remarca\u00e7\u00e3o de reservas tanto no turismo como na cultura.<\/span><\/p>\n<p><span style=\"font-weight: 400;\">&#8211; Disponibiliza\u00e7\u00e3o de cr\u00e9dito por meio da Medida Provis\u00f3ria 963, de 2020, tamb\u00e9m transformada em lei, e que assegurou o aporte de R$ 5 bilh\u00f5es aos segmentos tur\u00edsticos e culturais cadastrados no Cadastur, com foco no capital de giro das empresas e com condi\u00e7\u00f5es especiais.<\/span><\/p>\n<p><span style=\"font-weight: 400;\">\u00a0<\/span><span style=\"font-weight: 400;\">Passada esta primeira fase, coube ao Minist\u00e9rio do Turismo iniciar um planejamento voltado para a retomada das atividades tur\u00edsticas no pa\u00eds diante de todas as tend\u00eancias j\u00e1 observadas no cen\u00e1rio mundial. E assim surgiu o Selo Turismo Respons\u00e1vel. O Brasil foi um dos 10 primeiros pa\u00edses no mundo a estabelecer protocolos de biosseguran\u00e7a espec\u00edficos para a volta em seguran\u00e7a da atividade, refor\u00e7ando o protagonismo do governo federal frente \u00e0 prepara\u00e7\u00e3o para a retomada do setor.<\/span><\/p>\n<p><span style=\"font-weight: 400;\">Coube, ainda, ao Minist\u00e9rio do Turismo a melhoria da infraestrutura tur\u00edstica do pa\u00eds, medida ainda mais importante para o retorno das atividades que priorizar\u00e3o os destinos nacionais. Mesmo durante a pandemia, entregamos mais de 750 obras de Norte a Sul do Brasil que totalizam mais de R$ 400 milh\u00f5es em recursos federais. Tudo gra\u00e7as a um crescimento de 48% no investimento da Pasta para infraestrutura tur\u00edstica entre janeiro e outubro deste ano, em compara\u00e7\u00e3o ao mesmo per\u00edodo do ano passado.<\/span><\/p>\n<p><span style=\"font-weight: 400;\">Ap\u00f3s meses com o setor completamente paralisado, ficou claro o desejo de milhares de brasileiros voltarem a viajar pelo Brasil e coube ao Minist\u00e9rio do Turismo liderar esse processo de retomada da atividade em todo o Brasil. Assim surge a Retomada do Turismo. Uma alian\u00e7a nacional que re\u00fane poder p\u00fablico, iniciativa privada, terceiro setor e Sistema S com o objetivo de fazer com que o setor retome plenamente suas atividades o quanto antes, voltando a gerar emprego e renda no Brasil, com seguran\u00e7a e responsabilidade.<\/span><\/p>\n<p><span style=\"font-weight: 400;\">Para a retomada do turismo ser\u00e1 trabalhado um conjunto de programas, projetos e a\u00e7\u00f5es organizados em quatro eixos: preserva\u00e7\u00e3o de empresas e empregos no setor de turismo; melhoria da estrutura e da qualifica\u00e7\u00e3o de destinos; implanta\u00e7\u00e3o dos protocolos de biosseguran\u00e7a; e promo\u00e7\u00e3o e incentivo \u00e0s viagens. Todos voltados para alcan\u00e7ar resultados efetivos at\u00e9 31 de julho de 2021.<\/span><\/p>\n<p><span style=\"font-weight: 400;\">As a\u00e7\u00f5es para a Retomada do Turismo dever\u00e3o considerar os protocolos de biosseguran\u00e7a para os prestadores de servi\u00e7os tur\u00edsticos, turistas e comunidades receptoras; o incentivo \u00e0 conduta respons\u00e1vel de cada indiv\u00edduo e a preven\u00e7\u00e3o \u00e0 dissemina\u00e7\u00e3o do Covid-19; o incentivo as viagens pelo Brasil, em especial as viagens a lazer, de forma respons\u00e1vel e segura; a ado\u00e7\u00e3o de medidas para melhorar a distribui\u00e7\u00e3o de turistas pelo Pa\u00eds, priorizando o turismo em \u00e1reas naturais; e a defini\u00e7\u00e3o de medidas para a retomada do turismo de neg\u00f3cios e eventos, como feiras e congressos e conven\u00e7\u00f5es, segmento que tamb\u00e9m j\u00e1 se prepara para retornar.<\/span><\/p>\n<p><span style=\"font-weight: 400;\">E, assim, o turismo brasileiro se organiza para viver sua retomada de maneira consistente e segura, contribuindo para a recupera\u00e7\u00e3o econ\u00f4mica do pa\u00eds e a gera\u00e7\u00e3o de emprego e renda para o povo brasileiro.<\/span>[\/vc_column_text][\/vc_column][vc_column column_padding=&#8221;no-extra-padding&#8221; column_padding_tablet=&#8221;inherit&#8221; column_padding_phone=&#8221;inherit&#8221; column_padding_position=&#8221;all&#8221; background_color_opacity=&#8221;1&#8243; background_hover_color_opacity=&#8221;1&#8243; background_image=&#8221;208&#8243; background_image_position=&#8221;center center&#8221; enable_bg_scale=&#8221;true&#8221; column_shadow=&#8221;none&#8221; column_border_radius=&#8221;none&#8221; column_link_target=&#8221;_self&#8221; gradient_direction=&#8221;left_to_right&#8221; overlay_strength=&#8221;0.3&#8243; width=&#8221;1\/3&#8243; tablet_width_inherit=&#8221;default&#8221; tablet_text_alignment=&#8221;default&#8221; phone_text_alignment=&#8221;default&#8221; column_border_width=&#8221;none&#8221; column_border_style=&#8221;solid&#8221; bg_image_animation=&#8221;none&#8221;][\/vc_column][\/vc_row]\n","protected":false},"excerpt":{"rendered":"<p>[vc_row type=&#8221;full_width_content&#8221; full_screen_row_position=&#8221;middle&#8221; column_margin=&#8221;default&#8221; equal_height=&#8221;yes&#8221; column_direction=&#8221;default&#8221; column_direction_tablet=&#8221;default&#8221; column_direction_phone=&#8221;default&#8221; scene_position=&#8221;center&#8221; top_padding=&#8221;5%&#8221; bottom_padding=&#8221;5%&#8221; left_padding_desktop=&#8221;15%&#8221; text_color=&#8221;dark&#8221; text_align=&#8221;left&#8221; row_border_radius=&#8221;none&#8221; row_border_radius_applies=&#8221;bg&#8221; overlay_strength=&#8221;0.3&#8243; gradient_direction=&#8221;left_to_right&#8221; shape_divider_position=&#8221;bottom&#8221; bg_image_animation=&#8221;none&#8221; shape_type=&#8221;&#8221;][vc_column column_padding=&#8221;padding-5-percent&#8221; column_padding_tablet=&#8221;inherit&#8221; column_padding_phone=&#8221;inherit&#8221; column_padding_position=&#8221;right&#8221; background_color_opacity=&#8221;1&#8243; background_hover_color_opacity=&#8221;1&#8243; column_shadow=&#8221;none&#8221; column_border_radius=&#8221;none&#8221; column_link_target=&#8221;_self&#8221;&#8230;<\/p>\n","protected":false},"author":1,"featured_media":0,"parent":0,"menu_order":0,"comment_status":"closed","ping_status":"closed","template":"","meta":[],"yoast_head":"<!-- This site is optimized with the Yoast SEO plugin v15.3 - https:\/\/yoast.com\/wordpress\/plugins\/seo\/ -->\n<title>Saiba mais sobre a Retomada do Turismo<\/title>\n<meta name=\"description\" content=\"O turismo brasileiro se organiza para viver sua retomada de maneira consistente e segura, recuperando a economia, emprego e renda do povo brasileiro.\" \/>\n<meta name=\"robots\" content=\"index, follow, max-snippet:-1, max-image-preview:large, max-video-preview:-1\" \/>\n<link rel=\"canonical\" href=\"https:\/\/retomada.turismo.gov.br\/?page_id=199\" \/>\n<meta property=\"og:locale\" content=\"pt_BR\" \/>\n<meta property=\"og:type\" content=\"article\" \/>\n<meta property=\"og:title\" content=\"Saiba mais sobre a Retomada do Turismo\" \/>\n<meta property=\"og:description\" content=\"O turismo brasileiro se organiza para viver sua retomada de maneira consistente e segura, recuperando a economia, emprego e renda do povo brasileiro.\" \/>\n<meta property=\"og:url\" content=\"https:\/\/retomada.turismo.gov.br\/?page_id=199\" \/>\n<meta property=\"og:site_name\" content=\"A Retomada do Turismo\" \/>\n<meta property=\"article:modified_time\" content=\"2020-11-10T21:01:35+00:00\" \/>\n<meta name=\"twitter:card\" content=\"summary_large_image\" \/>\n<meta name=\"twitter:label1\" content=\"Written by\">\n\t<meta name=\"twitter:data1\" content=\"mtur-retomada\">\n\t<meta name=\"twitter:label2\" content=\"Est. reading time\">\n\t<meta name=\"twitter:data2\" content=\"4 minutos\">\n<script type=\"application\/ld+json\" class=\"yoast-schema-graph\">{\"@context\":\"https:\/\/schema.org\",\"@graph\":[{\"@type\":\"WebSite\",\"@id\":\"https:\/\/retomada.turismo.gov.br\/#website\",\"url\":\"https:\/\/retomada.turismo.gov.br\/\",\"name\":\"A Retomada do Turismo\",\"description\":\"Fa\\u00e7a parte voc\\u00ea tamb\\u00e9m.\",\"potentialAction\":[{\"@type\":\"SearchAction\",\"target\":\"https:\/\/retomada.turismo.gov.br\/?s={search_term_string}\",\"query-input\":\"required name=search_term_string\"}],\"inLanguage\":\"pt-BR\"},{\"@type\":\"WebPage\",\"@id\":\"https:\/\/retomada.turismo.gov.br\/?page_id=199#webpage\",\"url\":\"https:\/\/retomada.turismo.gov.br\/?page_id=199\",\"name\":\"Saiba mais sobre a Retomada do Turismo\",\"isPartOf\":{\"@id\":\"https:\/\/retomada.turismo.gov.br\/#website\"},\"datePublished\":\"2020-11-10T05:11:23+00:00\",\"dateModified\":\"2020-11-10T21:01:35+00:00\",\"description\":\"O turismo brasileiro se organiza para viver sua retomada de maneira consistente e segura, recuperando a economia, emprego e renda do povo brasileiro.\",\"inLanguage\":\"pt-BR\",\"potentialAction\":[{\"@type\":\"ReadAction\",\"target\":[\"https:\/\/retomada.turismo.gov.br\/?page_id=199\"]}]}]}<\/script>\n<!-- \/ Yoast SEO plugin. -->","_links":{"self":[{"href":"https:\/\/retomada.turismo.gov.br\/index.php?rest_route=\/wp\/v2\/pages\/199"}],"collection":[{"href":"https:\/\/retomada.turismo.gov.br\/index.php?rest_route=\/wp\/v2\/pages"}],"about":[{"href":"https:\/\/retomada.turismo.gov.br\/index.php?rest_route=\/wp\/v2\/types\/page"}],"author":[{"embeddable":true,"href":"https:\/\/retomada.turismo.gov.br\/index.php?rest_route=\/wp\/v2\/users\/1"}],"replies":[{"embeddable":true,"href":"https:\/\/retomada.turismo.gov.br\/index.php?rest_route=%2Fwp%2Fv2%2Fcomments&post=199"}],"version-history":[{"count":4,"href":"https:\/\/retomada.turismo.gov.br\/index.php?rest_route=\/wp\/v2\/pages\/199\/revisions"}],"predecessor-version":[{"id":237,"href":"https:\/\/retomada.turismo.gov.br\/index.php?rest_route=\/wp\/v2\/pages\/199\/revisions\/237"}],"wp:attachment":[{"href":"https:\/\/retomada.turismo.gov.br\/index.php?rest_route=%2Fwp%2Fv2%2Fmedia&parent=199"}],"curies":[{"name":"wp","href":"https:\/\/api.w.org\/{rel}","templated":true}]}}